{"id":6806,"date":"2023-11-23T16:01:54","date_gmt":"2023-11-23T15:01:54","guid":{"rendered":"https:\/\/linguaserve.com\/servicios-linguisticos\/traduccion-de-documentos\/"},"modified":"2025-09-04T16:53:16","modified_gmt":"2025-09-04T14:53:16","slug":"document-translation","status":"publish","type":"page","link":"https:\/\/linguaserve.com\/en\/multilingual-services\/document-translation\/","title":{"rendered":"Document Translation"},"content":{"rendered":"\t\t<div data-elementor-type=\"wp-page\" data-elementor-id=\"6806\" class=\"elementor elementor-6806 elementor-1186\" data-elementor-post-type=\"page\">\n\t\t\t\t<section class=\"elementor-element elementor-element-3507812 e-flex e-con-boxed e-con e-parent\" data-id=\"3507812\" data-element_type=\"container\" data-e-type=\"container\" data-settings=\"{&quot;background_background&quot;:&quot;classic&quot;}\">\n\t\t\t\t\t<div class=\"e-con-inner\">\n\t\t<div class=\"elementor-element elementor-element-dcddbdf e-con-full e-flex e-con e-child\" data-id=\"dcddbdf\" data-element_type=\"container\" data-e-type=\"container\">\n\t\t\t\t<div class=\"elementor-element elementor-element-b0df46a elementor-widget elementor-widget-heading\" data-id=\"b0df46a\" data-element_type=\"widget\" data-e-type=\"widget\" data-widget_type=\"heading.default\">\n\t\t\t\t<div class=\"elementor-widget-container\">\n\t\t\t\t\t<h1 class=\"elementor-heading-title elementor-size-default\">Traducci\u00f3n de documentos<\/h1>\t\t\t\t<\/div>\n\t\t\t\t<\/div>\n\t\t\t\t<div class=\"elementor-element elementor-element-3e8bafa elementor-widget elementor-widget-text-editor\" data-id=\"3e8bafa\" data-element_type=\"widget\" data-e-type=\"widget\" data-widget_type=\"text-editor.default\">\n\t\t\t\t<div class=\"elementor-widget-container\">\n\t\t\t\t\t\t\t\t\tTrasciende fronteras y capta a tus potenciales clientes en cualquier idioma\t\t\t\t\t\t\t\t<\/div>\n\t\t\t\t<\/div>\n\t\t\t\t<\/div>\n\t\t\t\t\t<\/div>\n\t\t\t\t<\/section>\n\t\t<section class=\"elementor-element elementor-element-c2cd5de e-flex e-con-boxed e-con e-parent\" data-id=\"c2cd5de\" data-element_type=\"container\" data-e-type=\"container\">\n\t\t\t\t\t<div class=\"e-con-inner\">\n\t\t<div class=\"elementor-element elementor-element-4ef555d e-con-full e-flex e-con e-child\" data-id=\"4ef555d\" data-element_type=\"container\" data-e-type=\"container\">\n\t\t\t\t<div class=\"elementor-element elementor-element-69450f8 elementor-widget elementor-widget-image\" data-id=\"69450f8\" data-element_type=\"widget\" data-e-type=\"widget\" data-widget_type=\"image.default\">\n\t\t\t\t<div class=\"elementor-widget-container\">\n\t\t\t\t\t\t\t\t\t\t\t\t\t\t\t<img fetchpriority=\"high\" decoding=\"async\" width=\"1000\" height=\"1000\" src=\"https:\/\/linguaserve.com\/wp-content\/uploads\/Traduccion-de-documentos.webp\" class=\"attachment-full size-full wp-image-33556\" alt=\"Document translation services\" srcset=\"https:\/\/linguaserve.com\/wp-content\/uploads\/Traduccion-de-documentos.webp 1000w, https:\/\/linguaserve.com\/wp-content\/uploads\/Traduccion-de-documentos-300x300.webp 300w, https:\/\/linguaserve.com\/wp-content\/uploads\/Traduccion-de-documentos-150x150.webp 150w, https:\/\/linguaserve.com\/wp-content\/uploads\/Traduccion-de-documentos-768x768.webp 768w\" sizes=\"(max-width: 1000px) 100vw, 1000px\" title=\"\">\t\t\t\t\t\t\t\t\t\t\t\t\t\t\t<\/div>\n\t\t\t\t<\/div>\n\t\t\t\t<\/div>\n\t\t<div class=\"elementor-element elementor-element-9865357 e-con-full e-flex e-con e-child\" data-id=\"9865357\" data-element_type=\"container\" data-e-type=\"container\">\n\t\t\t\t<div class=\"elementor-element elementor-element-3cfd4d9 elementor-widget elementor-widget-heading\" data-id=\"3cfd4d9\" data-element_type=\"widget\" data-e-type=\"widget\" data-widget_type=\"heading.default\">\n\t\t\t\t<div class=\"elementor-widget-container\">\n\t\t\t\t\t<h2 class=\"elementor-heading-title elementor-size-default\">\u00bfBuscas un traductor de documentos para poder llegar a nuevos mercados?<\/h2>\t\t\t\t<\/div>\n\t\t\t\t<\/div>\n\t\t\t\t<div class=\"elementor-element elementor-element-555759e elementor-widget elementor-widget-text-editor\" data-id=\"555759e\" data-element_type=\"widget\" data-e-type=\"widget\" data-widget_type=\"text-editor.default\">\n\t\t\t\t<div class=\"elementor-widget-container\">\n\t\t\t\t\t\t\t\t\t<p>Te ayudamos a mejorar tu comunicaci\u00f3n global con soluciones personalizadas de traducci\u00f3n de documentos que tienen en cuenta tus necesidades espec\u00edficas.<\/p><p>Esto significa que adaptamos desde <strong>contratos y manuales t\u00e9cnicos hasta folletos publicitarios<\/strong>, cubriendo sectores tan variados como el legal, financiero y t\u00e9cnico, entre otros. Prometemos <strong>calidad y precisi\u00f3n<\/strong> gracias al uso de la tecnolog\u00eda m\u00e1s avanzada y un riguroso control de calidad humano.<\/p><p>\u00bfTe preocupa poder conectar con tu p\u00fablico? Nos aseguramos de encontrar la palabra justa y m\u00e1s relevante en cada momento para <strong>ganarte a tu audiencia<\/strong> con un mensaje potente que te consolide como marca en el mercado internacional.<\/p>\t\t\t\t\t\t\t\t<\/div>\n\t\t\t\t<\/div>\n\t\t\t\t<div class=\"elementor-element elementor-element-ebc2990 elementor-mobile-align-center elementor-align-right elementor-widget elementor-widget-button\" data-id=\"ebc2990\" data-element_type=\"widget\" data-e-type=\"widget\" data-widget_type=\"button.default\">\n\t\t\t\t<div class=\"elementor-widget-container\">\n\t\t\t\t\t\t\t\t\t<div class=\"elementor-button-wrapper\">\n\t\t\t\t\t<a class=\"elementor-button elementor-button-link elementor-size-md elementor-animation-float\" href=\"https:\/\/linguaserve.com\/en\/contact-us\/\">\n\t\t\t\t\t\t<span class=\"elementor-button-content-wrapper\">\n\t\t\t\t\t\t\t\t\t<span class=\"elementor-button-text\">\u00bfHablamos?<\/span>\n\t\t\t\t\t<\/span>\n\t\t\t\t\t<\/a>\n\t\t\t\t<\/div>\n\t\t\t\t\t\t\t\t<\/div>\n\t\t\t\t<\/div>\n\t\t\t\t<\/div>\n\t\t\t\t\t<\/div>\n\t\t\t\t<\/section>\n\t\t<div class=\"elementor-element elementor-element-5f75e5d e-flex e-con-boxed e-con e-parent\" data-id=\"5f75e5d\" data-element_type=\"container\" data-e-type=\"container\">\n\t\t\t\t\t<div class=\"e-con-inner\">\n\t\t<div class=\"elementor-element elementor-element-b5dba47 e-con-full e-flex e-con e-child\" data-id=\"b5dba47\" data-element_type=\"container\" data-e-type=\"container\">\n\t\t\t\t<div class=\"elementor-element elementor-element-0bfdeca elementor-widget__width-initial elementor-widget elementor-widget-image\" data-id=\"0bfdeca\" data-element_type=\"widget\" data-e-type=\"widget\" data-widget_type=\"image.default\">\n\t\t\t\t<div class=\"elementor-widget-container\">\n\t\t\t\t\t\t\t\t\t\t\t\t\t\t\t<img decoding=\"async\" width=\"782\" height=\"382\" src=\"https:\/\/linguaserve.com\/wp-content\/uploads\/puntos3.webp\" class=\"attachment-full size-full wp-image-39116\" alt=\"puntos3\" srcset=\"https:\/\/linguaserve.com\/wp-content\/uploads\/puntos3.webp 782w, https:\/\/linguaserve.com\/wp-content\/uploads\/puntos3-300x147.webp 300w, https:\/\/linguaserve.com\/wp-content\/uploads\/puntos3-768x375.webp 768w\" sizes=\"(max-width: 782px) 100vw, 782px\" title=\"\">\t\t\t\t\t\t\t\t\t\t\t\t\t\t\t<\/div>\n\t\t\t\t<\/div>\n\t\t\t\t<div class=\"elementor-element elementor-element-43756c3 elementor-widget elementor-widget-heading\" data-id=\"43756c3\" data-element_type=\"widget\" data-e-type=\"widget\" data-widget_type=\"heading.default\">\n\t\t\t\t<div class=\"elementor-widget-container\">\n\t\t\t\t\t<h2 class=\"elementor-heading-title elementor-size-default\">\u00bfPor qu\u00e9 elegir Linguaserve?<\/h2>\t\t\t\t<\/div>\n\t\t\t\t<\/div>\n\t\t<div class=\"elementor-element elementor-element-0f09e48 e-flex e-con-boxed e-con e-child\" data-id=\"0f09e48\" data-element_type=\"container\" data-e-type=\"container\">\n\t\t\t\t\t<div class=\"e-con-inner\">\n\t\t<div class=\"elementor-element elementor-element-edd541d e-con-full e-flex e-con e-child\" data-id=\"edd541d\" data-element_type=\"container\" data-e-type=\"container\" data-settings=\"{&quot;background_background&quot;:&quot;classic&quot;,&quot;animation&quot;:&quot;none&quot;}\">\n\t\t\t\t<div class=\"elementor-element elementor-element-201b878 elementor-widget elementor-widget-image\" data-id=\"201b878\" data-element_type=\"widget\" data-e-type=\"widget\" data-widget_type=\"image.default\">\n\t\t\t\t<div class=\"elementor-widget-container\">\n\t\t\t\t\t\t\t\t\t\t\t\t\t\t\t<img decoding=\"async\" width=\"512\" height=\"512\" src=\"https:\/\/linguaserve.com\/wp-content\/uploads\/PORTAL-Costes-reducidos.webp\" class=\"attachment-full size-full wp-image-35381\" alt=\"Icono de Costes reducidos de monedas en montones que van de m\u00e1s a menos cantidad\" title=\"\">\t\t\t\t\t\t\t\t\t\t\t\t\t\t\t<\/div>\n\t\t\t\t<\/div>\n\t\t\t\t<div class=\"elementor-element elementor-element-0087af9 elementor-widget elementor-widget-heading\" data-id=\"0087af9\" data-element_type=\"widget\" data-e-type=\"widget\" data-widget_type=\"heading.default\">\n\t\t\t\t<div class=\"elementor-widget-container\">\n\t\t\t\t\t<h3 class=\"elementor-heading-title elementor-size-default\">Miramos por tu dinero<\/h3>\t\t\t\t<\/div>\n\t\t\t\t<\/div>\n\t\t\t\t<div class=\"elementor-element elementor-element-80cd054 elementor-widget elementor-widget-text-editor\" data-id=\"80cd054\" data-element_type=\"widget\" data-e-type=\"widget\" data-widget_type=\"text-editor.default\">\n\t\t\t\t<div class=\"elementor-widget-container\">\n\t\t\t\t\t\t\t\t\tAprovecha nuestras soluciones eficientes y de ahorro progresivo como las memorias de traducci\u00f3n.\t\t\t\t\t\t\t\t<\/div>\n\t\t\t\t<\/div>\n\t\t\t\t<\/div>\n\t\t<div class=\"elementor-element elementor-element-4c870f9 e-con-full e-flex e-con e-child\" data-id=\"4c870f9\" data-element_type=\"container\" data-e-type=\"container\" data-settings=\"{&quot;background_background&quot;:&quot;classic&quot;,&quot;animation&quot;:&quot;none&quot;}\">\n\t\t\t\t<div class=\"elementor-element elementor-element-8c332e8 elementor-widget elementor-widget-image\" data-id=\"8c332e8\" data-element_type=\"widget\" data-e-type=\"widget\" data-widget_type=\"image.default\">\n\t\t\t\t<div class=\"elementor-widget-container\">\n\t\t\t\t\t\t\t\t\t\t\t\t\t\t\t<img loading=\"lazy\" decoding=\"async\" width=\"512\" height=\"512\" src=\"https:\/\/linguaserve.com\/wp-content\/uploads\/PORTAL-procesos-admin.webp\" class=\"attachment-full size-full wp-image-35387\" alt=\"Icono de procesos administrativos m\u00e1s sencillos de dos manos cogiendo un documento firmado\" title=\"\">\t\t\t\t\t\t\t\t\t\t\t\t\t\t\t<\/div>\n\t\t\t\t<\/div>\n\t\t\t\t<div class=\"elementor-element elementor-element-04a7db8 elementor-widget__width-initial elementor-widget elementor-widget-heading\" data-id=\"04a7db8\" data-element_type=\"widget\" data-e-type=\"widget\" data-widget_type=\"heading.default\">\n\t\t\t\t<div class=\"elementor-widget-container\">\n\t\t\t\t\t<h3 class=\"elementor-heading-title elementor-size-default\">Te damos el control<\/h3>\t\t\t\t<\/div>\n\t\t\t\t<\/div>\n\t\t\t\t<div class=\"elementor-element elementor-element-a687025 elementor-widget elementor-widget-text-editor\" data-id=\"a687025\" data-element_type=\"widget\" data-e-type=\"widget\" data-widget_type=\"text-editor.default\">\n\t\t\t\t<div class=\"elementor-widget-container\">\n\t\t\t\t\t\t\t\t\tGestiona tus proyectos de forma sencilla con nuestra plataforma LS Hub.\t\t\t\t\t\t\t\t<\/div>\n\t\t\t\t<\/div>\n\t\t\t\t<\/div>\n\t\t<div class=\"elementor-element elementor-element-b65c7a2 e-con-full e-flex e-con e-child\" data-id=\"b65c7a2\" data-element_type=\"container\" data-e-type=\"container\" data-settings=\"{&quot;background_background&quot;:&quot;classic&quot;,&quot;animation&quot;:&quot;none&quot;}\">\n\t\t\t\t<div class=\"elementor-element elementor-element-db53339 elementor-widget elementor-widget-image\" data-id=\"db53339\" data-element_type=\"widget\" data-e-type=\"widget\" data-widget_type=\"image.default\">\n\t\t\t\t<div class=\"elementor-widget-container\">\n\t\t\t\t\t\t\t\t\t\t\t\t\t\t\t<img loading=\"lazy\" decoding=\"async\" width=\"512\" height=\"512\" src=\"https:\/\/linguaserve.com\/wp-content\/uploads\/PORTAL-Seguimiento-en-tiempo-real.webp\" class=\"attachment-full size-full wp-image-35389\" alt=\"Enhancing Operational Efficiency\" title=\"\">\t\t\t\t\t\t\t\t\t\t\t\t\t\t\t<\/div>\n\t\t\t\t<\/div>\n\t\t\t\t<div class=\"elementor-element elementor-element-b004ebb elementor-widget elementor-widget-heading\" data-id=\"b004ebb\" data-element_type=\"widget\" data-e-type=\"widget\" data-widget_type=\"heading.default\">\n\t\t\t\t<div class=\"elementor-widget-container\">\n\t\t\t\t\t<h3 class=\"elementor-heading-title elementor-size-default\">Respetamos tus tiempos<\/h3>\t\t\t\t<\/div>\n\t\t\t\t<\/div>\n\t\t\t\t<div class=\"elementor-element elementor-element-d03c8d7 elementor-widget elementor-widget-text-editor\" data-id=\"d03c8d7\" data-element_type=\"widget\" data-e-type=\"widget\" data-widget_type=\"text-editor.default\">\n\t\t\t\t<div class=\"elementor-widget-container\">\n\t\t\t\t\t\t\t\t\tConsigue tus documentos traducidos cuando los necesites y destaca entre tus competidores.\t\t\t\t\t\t\t\t<\/div>\n\t\t\t\t<\/div>\n\t\t\t\t<\/div>\n\t\t\t\t\t<\/div>\n\t\t\t\t<\/div>\n\t\t<div class=\"elementor-element elementor-element-70591f5 e-flex e-con-boxed e-con e-child\" data-id=\"70591f5\" data-element_type=\"container\" data-e-type=\"container\">\n\t\t\t\t\t<div class=\"e-con-inner\">\n\t\t<div class=\"elementor-element elementor-element-a2f21ec e-con-full e-flex e-con e-child\" data-id=\"a2f21ec\" data-element_type=\"container\" data-e-type=\"container\" data-settings=\"{&quot;background_background&quot;:&quot;classic&quot;,&quot;animation&quot;:&quot;none&quot;}\">\n\t\t\t\t<div class=\"elementor-element elementor-element-890baeb elementor-widget elementor-widget-image\" data-id=\"890baeb\" data-element_type=\"widget\" data-e-type=\"widget\" data-widget_type=\"image.default\">\n\t\t\t\t<div class=\"elementor-widget-container\">\n\t\t\t\t\t\t\t\t\t\t\t\t\t\t\t<img loading=\"lazy\" decoding=\"async\" width=\"512\" height=\"512\" src=\"https:\/\/linguaserve.com\/wp-content\/uploads\/Interpretacion-Mas-alla-del-idioma.webp\" class=\"attachment-full size-full wp-image-35225\" alt=\"Icono de M\u00e1s all\u00e1 del idioma\" title=\"\">\t\t\t\t\t\t\t\t\t\t\t\t\t\t\t<\/div>\n\t\t\t\t<\/div>\n\t\t\t\t<div class=\"elementor-element elementor-element-b811052 elementor-widget elementor-widget-heading\" data-id=\"b811052\" data-element_type=\"widget\" data-e-type=\"widget\" data-widget_type=\"heading.default\">\n\t\t\t\t<div class=\"elementor-widget-container\">\n\t\t\t\t\t<h3 class=\"elementor-heading-title elementor-size-default\">Hablamos cualquier idioma<\/h3>\t\t\t\t<\/div>\n\t\t\t\t<\/div>\n\t\t\t\t<div class=\"elementor-element elementor-element-e89639b elementor-widget elementor-widget-text-editor\" data-id=\"e89639b\" data-element_type=\"widget\" data-e-type=\"widget\" data-widget_type=\"text-editor.default\">\n\t\t\t\t<div class=\"elementor-widget-container\">\n\t\t\t\t\t\t\t\t\tDisfruta de traducciones precisas y culturalmente adaptadas llevadas a cabo por traductores nativos.\t\t\t\t\t\t\t\t<\/div>\n\t\t\t\t<\/div>\n\t\t\t\t<\/div>\n\t\t<div class=\"elementor-element elementor-element-103e428 e-con-full e-flex e-con e-child\" data-id=\"103e428\" data-element_type=\"container\" data-e-type=\"container\" data-settings=\"{&quot;background_background&quot;:&quot;classic&quot;,&quot;animation&quot;:&quot;none&quot;}\">\n\t\t\t\t<div class=\"elementor-element elementor-element-5b1f4b4 elementor-widget elementor-widget-image\" data-id=\"5b1f4b4\" data-element_type=\"widget\" data-e-type=\"widget\" data-widget_type=\"image.default\">\n\t\t\t\t<div class=\"elementor-widget-container\">\n\t\t\t\t\t\t\t\t\t\t\t\t\t\t\t<img loading=\"lazy\" decoding=\"async\" width=\"512\" height=\"512\" src=\"https:\/\/linguaserve.com\/wp-content\/uploads\/interpretacion-Calidad-y-precision-ES.webp\" class=\"attachment-full size-full wp-image-35223\" alt=\"Uncompromising Quality\" title=\"\">\t\t\t\t\t\t\t\t\t\t\t\t\t\t\t<\/div>\n\t\t\t\t<\/div>\n\t\t\t\t<div class=\"elementor-element elementor-element-f247cf7 elementor-widget__width-initial elementor-widget elementor-widget-heading\" data-id=\"f247cf7\" data-element_type=\"widget\" data-e-type=\"widget\" data-widget_type=\"heading.default\">\n\t\t\t\t<div class=\"elementor-widget-container\">\n\t\t\t\t\t<h3 class=\"elementor-heading-title elementor-size-default\">Garantizamos la mejor calidad<\/h3>\t\t\t\t<\/div>\n\t\t\t\t<\/div>\n\t\t\t\t<div class=\"elementor-element elementor-element-2c422f0 elementor-widget elementor-widget-text-editor\" data-id=\"2c422f0\" data-element_type=\"widget\" data-e-type=\"widget\" data-widget_type=\"text-editor.default\">\n\t\t\t\t<div class=\"elementor-widget-container\">\n\t\t\t\t\t\t\t\t\tAsegura la calidad y la integridad del contenido gracias a procesos rigurosos y certificaciones ISO.\t\t\t\t\t\t\t\t<\/div>\n\t\t\t\t<\/div>\n\t\t\t\t<\/div>\n\t\t\t\t\t<\/div>\n\t\t\t\t<\/div>\n\t\t\t\t<\/div>\n\t\t\t\t\t<\/div>\n\t\t\t\t<\/div>\n\t\t<div class=\"elementor-element elementor-element-4dbb5a0 e-flex e-con-boxed e-con e-parent\" data-id=\"4dbb5a0\" data-element_type=\"container\" data-e-type=\"container\" data-settings=\"{&quot;background_background&quot;:&quot;classic&quot;}\">\n\t\t\t\t\t<div class=\"e-con-inner\">\n\t\t<div class=\"elementor-element elementor-element-9fa4f77 e-con-full e-flex e-con e-child\" data-id=\"9fa4f77\" data-element_type=\"container\" data-e-type=\"container\">\n\t\t\t\t<div class=\"elementor-element elementor-element-b45f16c elementor-widget elementor-widget-heading\" data-id=\"b45f16c\" data-element_type=\"widget\" data-e-type=\"widget\" data-widget_type=\"heading.default\">\n\t\t\t\t<div class=\"elementor-widget-container\">\n\t\t\t\t\t<h3 class=\"elementor-heading-title elementor-size-default\">\u00c1brete al mundo gracias a la traducci\u00f3n de documentos profesional<\/h3>\t\t\t\t<\/div>\n\t\t\t\t<\/div>\n\t\t\t\t<div class=\"elementor-element elementor-element-9c704f6 elementor-widget elementor-widget-text-editor\" data-id=\"9c704f6\" data-element_type=\"widget\" data-e-type=\"widget\" data-widget_type=\"text-editor.default\">\n\t\t\t\t<div class=\"elementor-widget-container\">\n\t\t\t\t\t\t\t\t\t<p>Tu estrategia de expansi\u00f3n est\u00e1 pidiendo a gritos un nuevo socio: nuestras soluciones de traducci\u00f3n de documentos.<\/p><p>Traducimos documentos legales, t\u00e9cnicos, comerciales y de marketing y nos especializamos en \u00e1reas cr\u00edticas como la localizaci\u00f3n para e-commerce, la adaptaci\u00f3n cultural para el branding, y la comunicaci\u00f3n estrat\u00e9gica para negocios internacionales.<\/p>\t\t\t\t\t\t\t\t<\/div>\n\t\t\t\t<\/div>\n\t\t\t\t<div class=\"elementor-element elementor-element-be3a892 elementor-align-left elementor-widget elementor-widget-button\" data-id=\"be3a892\" data-element_type=\"widget\" data-e-type=\"widget\" data-widget_type=\"button.default\">\n\t\t\t\t<div class=\"elementor-widget-container\">\n\t\t\t\t\t\t\t\t\t<div class=\"elementor-button-wrapper\">\n\t\t\t\t\t<a class=\"elementor-button elementor-button-link elementor-size-md elementor-animation-float\" href=\"https:\/\/linguaserve.com\/en\/contact-us\/\">\n\t\t\t\t\t\t<span class=\"elementor-button-content-wrapper\">\n\t\t\t\t\t\t\t\t\t<span class=\"elementor-button-text\">Escr\u00edbenos<\/span>\n\t\t\t\t\t<\/span>\n\t\t\t\t\t<\/a>\n\t\t\t\t<\/div>\n\t\t\t\t\t\t\t\t<\/div>\n\t\t\t\t<\/div>\n\t\t\t\t<\/div>\n\t\t<div class=\"elementor-element elementor-element-f229eba e-con-full e-flex e-con e-child\" data-id=\"f229eba\" data-element_type=\"container\" data-e-type=\"container\">\n\t\t\t\t<div class=\"elementor-element elementor-element-b94b2fe elementor-widget-tablet__width-initial elementor-widget elementor-widget-image\" data-id=\"b94b2fe\" data-element_type=\"widget\" data-e-type=\"widget\" data-widget_type=\"image.default\">\n\t\t\t\t<div class=\"elementor-widget-container\">\n\t\t\t\t\t\t\t\t\t\t\t\t\t\t\t<img loading=\"lazy\" decoding=\"async\" width=\"1000\" height=\"1250\" src=\"https:\/\/linguaserve.com\/wp-content\/uploads\/Servicios-Ling.-cuerpo.webp\" class=\"attachment-full size-full wp-image-32608\" alt=\"Ling. Services body\" srcset=\"https:\/\/linguaserve.com\/wp-content\/uploads\/Servicios-Ling.-cuerpo.webp 1000w, https:\/\/linguaserve.com\/wp-content\/uploads\/Servicios-Ling.-cuerpo-240x300.webp 240w, https:\/\/linguaserve.com\/wp-content\/uploads\/Servicios-Ling.-cuerpo-819x1024.webp 819w, https:\/\/linguaserve.com\/wp-content\/uploads\/Servicios-Ling.-cuerpo-768x960.webp 768w\" sizes=\"(max-width: 1000px) 100vw, 1000px\" title=\"\">\t\t\t\t\t\t\t\t\t\t\t\t\t\t\t<\/div>\n\t\t\t\t<\/div>\n\t\t\t\t<\/div>\n\t\t\t\t\t<\/div>\n\t\t\t\t<\/div>\n\t\t\t\t<\/div>\n\t\t","protected":false},"excerpt":{"rendered":"<p>Traducci\u00f3n de documentos Trasciende fronteras y capta a tus potenciales clientes en cualquier idioma \u00bfBuscas un traductor de documentos para poder llegar a nuevos mercados? Te ayudamos a mejorar tu comunicaci\u00f3n global con soluciones personalizadas de traducci\u00f3n de documentos que tienen en cuenta tus necesidades espec\u00edficas. Esto significa que adaptamos desde contratos y manuales t\u00e9cnicos [&hellip;]<\/p>\n","protected":false},"author":5,"featured_media":10068,"parent":6744,"menu_order":0,"comment_status":"closed","ping_status":"closed","template":"elementor_header_footer","meta":{"_acf_changed":false,"content-type":"","footnotes":""},"class_list":["post-6806","page","type-page","status-publish","has-post-thumbnail","hentry"],"acf":[],"_links":{"self":[{"href":"https:\/\/linguaserve.com\/en\/wp-json\/wp\/v2\/pages\/6806","targetHints":{"allow":["GET"]}}],"collection":[{"href":"https:\/\/linguaserve.com\/en\/wp-json\/wp\/v2\/pages"}],"about":[{"href":"https:\/\/linguaserve.com\/en\/wp-json\/wp\/v2\/types\/page"}],"author":[{"embeddable":true,"href":"https:\/\/linguaserve.com\/en\/wp-json\/wp\/v2\/users\/5"}],"replies":[{"embeddable":true,"href":"https:\/\/linguaserve.com\/en\/wp-json\/wp\/v2\/comments?post=6806"}],"version-history":[{"count":0,"href":"https:\/\/linguaserve.com\/en\/wp-json\/wp\/v2\/pages\/6806\/revisions"}],"up":[{"embeddable":true,"href":"https:\/\/linguaserve.com\/en\/wp-json\/wp\/v2\/pages\/6744"}],"wp:featuredmedia":[{"embeddable":true,"href":"https:\/\/linguaserve.com\/en\/wp-json\/wp\/v2\/media\/10068"}],"wp:attachment":[{"href":"https:\/\/linguaserve.com\/en\/wp-json\/wp\/v2\/media?parent=6806"}],"curies":[{"name":"wp","href":"https:\/\/api.w.org\/{rel}","templated":true}]}}