{"id":6737,"date":"2023-12-05T21:07:33","date_gmt":"2023-12-05T20:07:33","guid":{"rendered":"https:\/\/linguaserve.com\/marketing-digital\/transcreacion\/"},"modified":"2025-08-05T07:06:33","modified_gmt":"2025-08-05T05:06:33","slug":"transcreation-services","status":"publish","type":"page","link":"https:\/\/linguaserve.com\/en\/digital-marketing-services\/content-creation-services\/transcreation-services\/","title":{"rendered":"Transcreation"},"content":{"rendered":"\t\t<div data-elementor-type=\"wp-page\" data-elementor-id=\"6737\" class=\"elementor elementor-6737 elementor-2030\" data-elementor-post-type=\"page\">\n\t\t\t\t<section class=\"elementor-element elementor-element-b4c6d5a e-con-full e-flex e-con e-parent\" data-id=\"b4c6d5a\" data-element_type=\"container\" data-e-type=\"container\" data-settings=\"{&quot;background_background&quot;:&quot;classic&quot;}\">\n\t\t<section class=\"elementor-element elementor-element-d2e596f e-flex e-con-boxed e-con e-child\" data-id=\"d2e596f\" data-element_type=\"container\" data-e-type=\"container\">\n\t\t\t\t\t<div class=\"e-con-inner\">\n\t\t\t\t<div class=\"elementor-element elementor-element-e0c40f0 elementor-widget elementor-widget-heading\" data-id=\"e0c40f0\" data-element_type=\"widget\" data-e-type=\"widget\" data-widget_type=\"heading.default\">\n\t\t\t\t<div class=\"elementor-widget-container\">\n\t\t\t\t\t<h1 class=\"elementor-heading-title elementor-size-default\">TRANSCREATION SERVICES<\/h1>\t\t\t\t<\/div>\n\t\t\t\t<\/div>\n\t\t\t\t<div class=\"elementor-element elementor-element-f9b7519 elementor-widget elementor-widget-heading\" data-id=\"f9b7519\" data-element_type=\"widget\" data-e-type=\"widget\" data-widget_type=\"heading.default\">\n\t\t\t\t<div class=\"elementor-widget-container\">\n\t\t\t\t\t<h2 class=\"elementor-heading-title elementor-size-default\">Amplify Creativity and Achieve Results to Elevate Your Global Brand<\/h2>\t\t\t\t<\/div>\n\t\t\t\t<\/div>\n\t\t\t\t\t<\/div>\n\t\t\t\t<\/section>\n\t\t\t\t<\/section>\n\t\t<section class=\"elementor-element elementor-element-974067b e-flex e-con-boxed e-con e-parent\" data-id=\"974067b\" data-element_type=\"container\" data-e-type=\"container\">\n\t\t\t\t\t<div class=\"e-con-inner\">\n\t\t<div class=\"elementor-element elementor-element-448accc e-con-full e-flex e-con e-child\" data-id=\"448accc\" data-element_type=\"container\" data-e-type=\"container\">\n\t\t\t\t<div class=\"elementor-element elementor-element-8f36d2b elementor-widget elementor-widget-image\" data-id=\"8f36d2b\" data-element_type=\"widget\" data-e-type=\"widget\" data-widget_type=\"image.default\">\n\t\t\t\t<div class=\"elementor-widget-container\">\n\t\t\t\t\t\t\t\t\t\t\t\t\t\t\t<img fetchpriority=\"high\" decoding=\"async\" width=\"1000\" height=\"783\" src=\"https:\/\/linguaserve.com\/wp-content\/uploads\/Transcreation-mrkt.webp\" class=\"attachment-full size-full wp-image-33773\" alt=\"Transcreation-mrkt\" srcset=\"https:\/\/linguaserve.com\/wp-content\/uploads\/Transcreation-mrkt.webp 1000w, https:\/\/linguaserve.com\/wp-content\/uploads\/Transcreation-mrkt-300x235.webp 300w, https:\/\/linguaserve.com\/wp-content\/uploads\/Transcreation-mrkt-768x601.webp 768w\" sizes=\"(max-width: 1000px) 100vw, 1000px\" title=\"\">\t\t\t\t\t\t\t\t\t\t\t\t\t\t\t<\/div>\n\t\t\t\t<\/div>\n\t\t\t\t<\/div>\n\t\t<div class=\"elementor-element elementor-element-9f1278a e-con-full e-flex e-con e-child\" data-id=\"9f1278a\" data-element_type=\"container\" data-e-type=\"container\">\n\t\t\t\t<div class=\"elementor-element elementor-element-e5d83f4 elementor-widget elementor-widget-heading\" data-id=\"e5d83f4\" data-element_type=\"widget\" data-e-type=\"widget\" data-widget_type=\"heading.default\">\n\t\t\t\t<div class=\"elementor-widget-container\">\n\t\t\t\t\t<h2 class=\"elementor-heading-title elementor-size-default\">Preserve Your Brand\u2019s Authenticity<\/h2>\t\t\t\t<\/div>\n\t\t\t\t<\/div>\n\t\t\t\t<div class=\"elementor-element elementor-element-a165376 elementor-widget elementor-widget-text-editor\" data-id=\"a165376\" data-element_type=\"widget\" data-e-type=\"widget\" data-widget_type=\"text-editor.default\">\n\t\t\t\t<div class=\"elementor-widget-container\">\n\t\t\t\t\t\t\t\t\t<p>Effectively crossing linguistic and cultural borders is vital to the global success of your brand. At Linguaserve, our transcreation services go beyond translation to <strong>reshape how your brand connects with audiences worldwide<\/strong>.<br \/>Our team of skilled linguistic and creative professionals carefully adapts your message to resonate deeply with diverse markets, while ensuring your brand\u2019s essence remains intact.<\/p><p>By harmonizing your identity with local cultural insights, we craft communications that not only speak the language but also capture the spirit of each audience\u2014keeping your brand authentic, relevant, and impactful everywhere it\u2019s seen.<\/p>\t\t\t\t\t\t\t\t<\/div>\n\t\t\t\t<\/div>\n\t\t\t\t<div class=\"elementor-element elementor-element-46a9292 elementor-mobile-align-center elementor-align-center elementor-widget elementor-widget-button\" data-id=\"46a9292\" data-element_type=\"widget\" data-e-type=\"widget\" data-widget_type=\"button.default\">\n\t\t\t\t<div class=\"elementor-widget-container\">\n\t\t\t\t\t\t\t\t\t<div class=\"elementor-button-wrapper\">\n\t\t\t\t\t<a class=\"elementor-button elementor-button-link elementor-size-md elementor-animation-float\" href=\"\/en\/contact-us\/\">\n\t\t\t\t\t\t<span class=\"elementor-button-content-wrapper\">\n\t\t\t\t\t\t\t\t\t<span class=\"elementor-button-text\">Connect With Us<\/span>\n\t\t\t\t\t<\/span>\n\t\t\t\t\t<\/a>\n\t\t\t\t<\/div>\n\t\t\t\t\t\t\t\t<\/div>\n\t\t\t\t<\/div>\n\t\t\t\t<\/div>\n\t\t\t\t\t<\/div>\n\t\t\t\t<\/section>\n\t\t<section class=\"elementor-element elementor-element-d68c391 e-flex e-con-boxed e-con e-parent\" data-id=\"d68c391\" data-element_type=\"container\" data-e-type=\"container\" data-settings=\"{&quot;background_background&quot;:&quot;classic&quot;}\">\n\t\t\t\t\t<div class=\"e-con-inner\">\n\t\t\t\t<div class=\"elementor-element elementor-element-91e8567 elementor-widget__width-initial elementor-widget elementor-widget-image\" data-id=\"91e8567\" data-element_type=\"widget\" data-e-type=\"widget\" data-widget_type=\"image.default\">\n\t\t\t\t<div class=\"elementor-widget-container\">\n\t\t\t\t\t\t\t\t\t\t\t\t\t\t\t<img decoding=\"async\" width=\"782\" height=\"382\" src=\"https:\/\/linguaserve.com\/wp-content\/uploads\/punto3.webp\" class=\"attachment-full size-full wp-image-34038\" alt=\"\" srcset=\"https:\/\/linguaserve.com\/wp-content\/uploads\/punto3.webp 782w, https:\/\/linguaserve.com\/wp-content\/uploads\/punto3-300x147.webp 300w, https:\/\/linguaserve.com\/wp-content\/uploads\/punto3-768x375.webp 768w\" sizes=\"(max-width: 782px) 100vw, 782px\" title=\"\">\t\t\t\t\t\t\t\t\t\t\t\t\t\t\t<\/div>\n\t\t\t\t<\/div>\n\t\t\t\t<div class=\"elementor-element elementor-element-aea13f5 elementor-widget elementor-widget-heading\" data-id=\"aea13f5\" data-element_type=\"widget\" data-e-type=\"widget\" data-widget_type=\"heading.default\">\n\t\t\t\t<div class=\"elementor-widget-container\">\n\t\t\t\t\t<h2 class=\"elementor-heading-title elementor-size-default\">Redefine Your World Communication with Transcreation<\/h2>\t\t\t\t<\/div>\n\t\t\t\t<\/div>\n\t\t<div class=\"elementor-element elementor-element-15a036b e-flex e-con-boxed e-con e-child\" data-id=\"15a036b\" data-element_type=\"container\" data-e-type=\"container\">\n\t\t\t\t\t<div class=\"e-con-inner\">\n\t\t<div class=\"elementor-element elementor-element-69668b9 e-con-full e-flex e-con e-child\" data-id=\"69668b9\" data-element_type=\"container\" data-e-type=\"container\" data-settings=\"{&quot;background_background&quot;:&quot;classic&quot;,&quot;animation&quot;:&quot;none&quot;}\">\n\t\t\t\t<div class=\"elementor-element elementor-element-1d4d9ff elementor-widget elementor-widget-image\" data-id=\"1d4d9ff\" data-element_type=\"widget\" data-e-type=\"widget\" data-widget_type=\"image.default\">\n\t\t\t\t<div class=\"elementor-widget-container\">\n\t\t\t\t\t\t\t\t\t\t\t\t\t\t\t<img decoding=\"async\" width=\"512\" height=\"512\" src=\"https:\/\/linguaserve.com\/wp-content\/uploads\/Localizacion-y-Optimizacion-Motores-de-busqueda.webp\" class=\"attachment-large size-large wp-image-35945\" alt=\"Icono de localizaci\u00f3n y optimizaci\u00f3n de motores de busqueda de una pantalla de ordenador con un mapa y una localizaci\u00f3n marcada\" title=\"\">\t\t\t\t\t\t\t\t\t\t\t\t\t\t\t<\/div>\n\t\t\t\t<\/div>\n\t\t\t\t<div class=\"elementor-element elementor-element-a42bffa elementor-widget elementor-widget-heading\" data-id=\"a42bffa\" data-element_type=\"widget\" data-e-type=\"widget\" data-widget_type=\"heading.default\">\n\t\t\t\t<div class=\"elementor-widget-container\">\n\t\t\t\t\t<h3 class=\"elementor-heading-title elementor-size-default\">Effortless Market Expansion<\/h3>\t\t\t\t<\/div>\n\t\t\t\t<\/div>\n\t\t\t\t<div class=\"elementor-element elementor-element-9946d64 elementor-widget elementor-widget-text-editor\" data-id=\"9946d64\" data-element_type=\"widget\" data-e-type=\"widget\" data-widget_type=\"text-editor.default\">\n\t\t\t\t<div class=\"elementor-widget-container\">\n\t\t\t\t\t\t\t\t\tLinguaserve opens doors to new markets with precision. We tailor your brand&apos;s message to connect meaningfully and authentically with local consumers, offering you a seamless entry into diverse regions.\t\t\t\t\t\t\t\t<\/div>\n\t\t\t\t<\/div>\n\t\t\t\t<\/div>\n\t\t<div class=\"elementor-element elementor-element-54a243f e-con-full e-flex e-con e-child\" data-id=\"54a243f\" data-element_type=\"container\" data-e-type=\"container\" data-settings=\"{&quot;background_background&quot;:&quot;classic&quot;,&quot;animation&quot;:&quot;none&quot;}\">\n\t\t\t\t<div class=\"elementor-element elementor-element-da089d3 elementor-widget elementor-widget-image\" data-id=\"da089d3\" data-element_type=\"widget\" data-e-type=\"widget\" data-widget_type=\"image.default\">\n\t\t\t\t<div class=\"elementor-widget-container\">\n\t\t\t\t\t\t\t\t\t\t\t\t\t\t\t<img loading=\"lazy\" decoding=\"async\" width=\"512\" height=\"512\" src=\"https:\/\/linguaserve.com\/wp-content\/uploads\/Interpretacion-Mas-alla-del-idioma.webp\" class=\"attachment-large size-large wp-image-35225\" alt=\"Icono de M\u00e1s all\u00e1 del idioma\" title=\"\">\t\t\t\t\t\t\t\t\t\t\t\t\t\t\t<\/div>\n\t\t\t\t<\/div>\n\t\t\t\t<div class=\"elementor-element elementor-element-2c87434 elementor-widget elementor-widget-heading\" data-id=\"2c87434\" data-element_type=\"widget\" data-e-type=\"widget\" data-widget_type=\"heading.default\">\n\t\t\t\t<div class=\"elementor-widget-container\">\n\t\t\t\t\t<h3 class=\"elementor-heading-title elementor-size-default\">Beyond Translation<\/h3>\t\t\t\t<\/div>\n\t\t\t\t<\/div>\n\t\t\t\t<div class=\"elementor-element elementor-element-8f49d0f elementor-widget elementor-widget-text-editor\" data-id=\"8f49d0f\" data-element_type=\"widget\" data-e-type=\"widget\" data-widget_type=\"text-editor.default\">\n\t\t\t\t<div class=\"elementor-widget-container\">\n\t\t\t\t\t\t\t\t\tOur transcreation services go beyond translating words\u2014they capture the essence of your message, ensuring the emotional and cultural nuances of your original content resonate with each target audience.\t\t\t\t\t\t\t\t<\/div>\n\t\t\t\t<\/div>\n\t\t\t\t<\/div>\n\t\t<div class=\"elementor-element elementor-element-5e838ac e-con-full e-flex e-con e-child\" data-id=\"5e838ac\" data-element_type=\"container\" data-e-type=\"container\" data-settings=\"{&quot;background_background&quot;:&quot;classic&quot;,&quot;animation&quot;:&quot;none&quot;}\">\n\t\t\t\t<div class=\"elementor-element elementor-element-1b74c5b elementor-widget elementor-widget-image\" data-id=\"1b74c5b\" data-element_type=\"widget\" data-e-type=\"widget\" data-widget_type=\"image.default\">\n\t\t\t\t<div class=\"elementor-widget-container\">\n\t\t\t\t\t\t\t\t\t\t\t\t\t\t\t<img loading=\"lazy\" decoding=\"async\" width=\"512\" height=\"512\" src=\"https:\/\/linguaserve.com\/wp-content\/uploads\/Proof-reading-Conectamos-donde-otros-ni-siquiera-llegan.webp\" class=\"attachment-large size-large wp-image-35776\" alt=\"Metodolog\u00eda eficiente\" title=\"\">\t\t\t\t\t\t\t\t\t\t\t\t\t\t\t<\/div>\n\t\t\t\t<\/div>\n\t\t\t\t<div class=\"elementor-element elementor-element-1b6f92b elementor-widget elementor-widget-heading\" data-id=\"1b6f92b\" data-element_type=\"widget\" data-e-type=\"widget\" data-widget_type=\"heading.default\">\n\t\t\t\t<div class=\"elementor-widget-container\">\n\t\t\t\t\t<h3 class=\"elementor-heading-title elementor-size-default\">Localized Marketing Expertise<\/h3>\t\t\t\t<\/div>\n\t\t\t\t<\/div>\n\t\t\t\t<div class=\"elementor-element elementor-element-b286236 elementor-widget elementor-widget-text-editor\" data-id=\"b286236\" data-element_type=\"widget\" data-e-type=\"widget\" data-widget_type=\"text-editor.default\">\n\t\t\t\t<div class=\"elementor-widget-container\">\n\t\t\t\t\t\t\t\t\tOur specialized local marketing teams are embedded in the culture and trends of each market. With deep insight into consumer behavior and preferences, we adapt your message to ensure it engages and inspires, no matter where it&#8217;s heard.\t\t\t\t\t\t\t\t<\/div>\n\t\t\t\t<\/div>\n\t\t\t\t<\/div>\n\t\t\t\t\t<\/div>\n\t\t\t\t<\/div>\n\t\t\t\t\t<\/div>\n\t\t\t\t<\/section>\n\t\t<div class=\"elementor-element elementor-element-944fe5a e-flex e-con-boxed e-con e-parent\" data-id=\"944fe5a\" data-element_type=\"container\" data-e-type=\"container\" data-settings=\"{&quot;background_background&quot;:&quot;classic&quot;}\">\n\t\t\t\t\t<div class=\"e-con-inner\">\n\t\t<div class=\"elementor-element elementor-element-a59dfc2 e-con-full e-flex e-con e-child\" data-id=\"a59dfc2\" data-element_type=\"container\" data-e-type=\"container\">\n\t\t\t\t<div class=\"elementor-element elementor-element-6efda4b elementor-widget elementor-widget-heading\" data-id=\"6efda4b\" data-element_type=\"widget\" data-e-type=\"widget\" data-widget_type=\"heading.default\">\n\t\t\t\t<div class=\"elementor-widget-container\">\n\t\t\t\t\t<h4 class=\"elementor-heading-title elementor-size-default\">Ready to Make Your Brand Global?<\/h4>\t\t\t\t<\/div>\n\t\t\t\t<\/div>\n\t\t\t\t<div class=\"elementor-element elementor-element-31c6d7f elementor-widget elementor-widget-text-editor\" data-id=\"31c6d7f\" data-element_type=\"widget\" data-e-type=\"widget\" data-widget_type=\"text-editor.default\">\n\t\t\t\t<div class=\"elementor-widget-container\">\n\t\t\t\t\t\t\t\t\t<p>At Linguaserve, our transcreation services go beyond simple translation\u2014we bring your brand\u2019s voice to life across languages and cultures. With a deep understanding of global markets, we ensure your message resonates authentically with audiences everywhere. Unlock new opportunities for growth and redefine your brand\u2019s impact on the world stage.<\/p><p>Ready to connect? Partner with us and let your brand transcend borders, creating meaningful connections with customers around the globe.<\/p>\t\t\t\t\t\t\t\t<\/div>\n\t\t\t\t<\/div>\n\t\t\t\t<div class=\"elementor-element elementor-element-88b73fa elementor-align-left elementor-widget elementor-widget-button\" data-id=\"88b73fa\" data-element_type=\"widget\" data-e-type=\"widget\" data-widget_type=\"button.default\">\n\t\t\t\t<div class=\"elementor-widget-container\">\n\t\t\t\t\t\t\t\t\t<div class=\"elementor-button-wrapper\">\n\t\t\t\t\t<a class=\"elementor-button elementor-button-link elementor-size-md elementor-animation-float\" href=\"\/en\/contact-us\/\">\n\t\t\t\t\t\t<span class=\"elementor-button-content-wrapper\">\n\t\t\t\t\t\t\t\t\t<span class=\"elementor-button-text\">Learn more<\/span>\n\t\t\t\t\t<\/span>\n\t\t\t\t\t<\/a>\n\t\t\t\t<\/div>\n\t\t\t\t\t\t\t\t<\/div>\n\t\t\t\t<\/div>\n\t\t\t\t<\/div>\n\t\t<div class=\"elementor-element elementor-element-eed1eaa e-con-full e-flex e-con e-child\" data-id=\"eed1eaa\" data-element_type=\"container\" data-e-type=\"container\">\n\t\t\t\t<div class=\"elementor-element elementor-element-46c4ade elementor-widget elementor-widget-image\" data-id=\"46c4ade\" data-element_type=\"widget\" data-e-type=\"widget\" data-widget_type=\"image.default\">\n\t\t\t\t<div class=\"elementor-widget-container\">\n\t\t\t\t\t\t\t\t\t\t\t\t\t\t\t<img loading=\"lazy\" decoding=\"async\" width=\"1000\" height=\"698\" src=\"https:\/\/linguaserve.com\/wp-content\/uploads\/marketing-dgt-cuerpo.webp\" class=\"attachment-full size-full wp-image-39287\" alt=\"Marketing-body\" srcset=\"https:\/\/linguaserve.com\/wp-content\/uploads\/marketing-dgt-cuerpo.webp 1000w, https:\/\/linguaserve.com\/wp-content\/uploads\/marketing-dgt-cuerpo-300x209.webp 300w, https:\/\/linguaserve.com\/wp-content\/uploads\/marketing-dgt-cuerpo-768x536.webp 768w\" sizes=\"(max-width: 1000px) 100vw, 1000px\" title=\"\">\t\t\t\t\t\t\t\t\t\t\t\t\t\t\t<\/div>\n\t\t\t\t<\/div>\n\t\t\t\t<\/div>\n\t\t\t\t\t<\/div>\n\t\t\t\t<\/div>\n\t\t\t\t<\/div>\n\t\t","protected":false},"excerpt":{"rendered":"<p>TRANSCREATION SERVICES Amplify Creativity and Achieve Results to Elevate Your Global Brand Preserve Your Brand\u2019s Authenticity Effectively crossing linguistic and cultural borders is vital to the global success of your brand. At Linguaserve, our transcreation services go beyond translation to reshape how your brand connects with audiences worldwide.Our team of skilled linguistic and creative professionals [&hellip;]<\/p>\n","protected":false},"author":5,"featured_media":14460,"parent":6717,"menu_order":0,"comment_status":"closed","ping_status":"closed","template":"elementor_header_footer","meta":{"_acf_changed":false,"content-type":"","footnotes":""},"class_list":["post-6737","page","type-page","status-publish","has-post-thumbnail","hentry"],"acf":[],"_links":{"self":[{"href":"https:\/\/linguaserve.com\/en\/wp-json\/wp\/v2\/pages\/6737","targetHints":{"allow":["GET"]}}],"collection":[{"href":"https:\/\/linguaserve.com\/en\/wp-json\/wp\/v2\/pages"}],"about":[{"href":"https:\/\/linguaserve.com\/en\/wp-json\/wp\/v2\/types\/page"}],"author":[{"embeddable":true,"href":"https:\/\/linguaserve.com\/en\/wp-json\/wp\/v2\/users\/5"}],"replies":[{"embeddable":true,"href":"https:\/\/linguaserve.com\/en\/wp-json\/wp\/v2\/comments?post=6737"}],"version-history":[{"count":0,"href":"https:\/\/linguaserve.com\/en\/wp-json\/wp\/v2\/pages\/6737\/revisions"}],"up":[{"embeddable":true,"href":"https:\/\/linguaserve.com\/en\/wp-json\/wp\/v2\/pages\/6717"}],"wp:featuredmedia":[{"embeddable":true,"href":"https:\/\/linguaserve.com\/en\/wp-json\/wp\/v2\/media\/14460"}],"wp:attachment":[{"href":"https:\/\/linguaserve.com\/en\/wp-json\/wp\/v2\/media?parent=6737"}],"curies":[{"name":"wp","href":"https:\/\/api.w.org\/{rel}","templated":true}]}}