{"id":6723,"date":"2023-12-06T21:44:29","date_gmt":"2023-12-06T20:44:29","guid":{"rendered":"https:\/\/linguaserve.com\/marketing-digital\/keyword-research\/"},"modified":"2025-09-09T17:40:02","modified_gmt":"2025-09-09T15:40:02","slug":"keyword-research-services","status":"publish","type":"page","link":"https:\/\/linguaserve.com\/en\/digital-marketing-services\/keyword-research-services\/","title":{"rendered":"Keyword Research"},"content":{"rendered":"\t\t<div data-elementor-type=\"wp-page\" data-elementor-id=\"6723\" class=\"elementor elementor-6723 elementor-2158\" data-elementor-post-type=\"page\">\n\t\t\t\t<section class=\"elementor-element elementor-element-950692c e-con-full e-flex e-con e-parent\" data-id=\"950692c\" data-element_type=\"container\" data-e-type=\"container\" data-settings=\"{&quot;background_background&quot;:&quot;classic&quot;}\">\n\t\t<section class=\"elementor-element elementor-element-f46afec e-flex e-con-boxed e-con e-child\" data-id=\"f46afec\" data-element_type=\"container\" data-e-type=\"container\">\n\t\t\t\t\t<div class=\"e-con-inner\">\n\t\t\t\t<div class=\"elementor-element elementor-element-836b39c elementor-widget elementor-widget-heading\" data-id=\"836b39c\" data-element_type=\"widget\" data-e-type=\"widget\" data-widget_type=\"heading.default\">\n\t\t\t\t<div class=\"elementor-widget-container\">\n\t\t\t\t\t<h1 class=\"elementor-heading-title elementor-size-default\">Keyword Research <\/h1>\t\t\t\t<\/div>\n\t\t\t\t<\/div>\n\t\t\t\t<div class=\"elementor-element elementor-element-274f4ca elementor-widget elementor-widget-text-editor\" data-id=\"274f4ca\" data-element_type=\"widget\" data-e-type=\"widget\" data-widget_type=\"text-editor.default\">\n\t\t\t\t<div class=\"elementor-widget-container\">\n\t\t\t\t\t\t\t\t\t<p>Master Keyword Research for Digital Success<\/p>\t\t\t\t\t\t\t\t<\/div>\n\t\t\t\t<\/div>\n\t\t\t\t\t<\/div>\n\t\t\t\t<\/section>\n\t\t\t\t<\/section>\n\t\t<section class=\"elementor-element elementor-element-66d5ccd e-flex e-con-boxed e-con e-parent\" data-id=\"66d5ccd\" data-element_type=\"container\" data-e-type=\"container\">\n\t\t\t\t\t<div class=\"e-con-inner\">\n\t\t<div class=\"elementor-element elementor-element-648f722 e-con-full e-flex e-con e-child\" data-id=\"648f722\" data-element_type=\"container\" data-e-type=\"container\">\n\t\t\t\t<div class=\"elementor-element elementor-element-4bf4209 elementor-widget elementor-widget-image\" data-id=\"4bf4209\" data-element_type=\"widget\" data-e-type=\"widget\" data-widget_type=\"image.default\">\n\t\t\t\t<div class=\"elementor-widget-container\">\n\t\t\t\t\t\t\t\t\t\t\t\t\t\t\t<img fetchpriority=\"high\" decoding=\"async\" width=\"1000\" height=\"786\" src=\"https:\/\/linguaserve.com\/wp-content\/uploads\/Keyword-Analysis.webp\" class=\"attachment-full size-full wp-image-33762\" alt=\"Keyword Analysis\" srcset=\"https:\/\/linguaserve.com\/wp-content\/uploads\/Keyword-Analysis.webp 1000w, https:\/\/linguaserve.com\/wp-content\/uploads\/Keyword-Analysis-300x236.webp 300w, https:\/\/linguaserve.com\/wp-content\/uploads\/Keyword-Analysis-768x604.webp 768w\" sizes=\"(max-width: 1000px) 100vw, 1000px\" title=\"\">\t\t\t\t\t\t\t\t\t\t\t\t\t\t\t<\/div>\n\t\t\t\t<\/div>\n\t\t\t\t<\/div>\n\t\t<div class=\"elementor-element elementor-element-0b9ee04 e-con-full e-flex e-con e-child\" data-id=\"0b9ee04\" data-element_type=\"container\" data-e-type=\"container\">\n\t\t\t\t<div class=\"elementor-element elementor-element-93c77da elementor-widget elementor-widget-heading\" data-id=\"93c77da\" data-element_type=\"widget\" data-e-type=\"widget\" data-widget_type=\"heading.default\">\n\t\t\t\t<div class=\"elementor-widget-container\">\n\t\t\t\t\t<h2 class=\"elementor-heading-title elementor-size-default\">Elevate Your Digital Presence with Strategic Keyword Optimization<\/h2>\t\t\t\t<\/div>\n\t\t\t\t<\/div>\n\t\t\t\t<div class=\"elementor-element elementor-element-68a83fe elementor-widget elementor-widget-text-editor\" data-id=\"68a83fe\" data-element_type=\"widget\" data-e-type=\"widget\" data-widget_type=\"text-editor.default\">\n\t\t\t\t<div class=\"elementor-widget-container\">\n\t\t\t\t\t\t\t\t\t<p>At Linguaserve, we specialize in driving your brand forward through advanced SEO keyword research, international keyword research, and optimization. Our blend of cutting-edge strategies and profound expertise ensures your business stands out in the competitive digital world. We don\u2019t just analyze keywords; we craft tailored solutions that align with your business goals, unlocking new opportunities for growth in global markets. With a focus on delivering measurable results, we help you connect with diverse audiences and maximize your online impact.<\/p>\t\t\t\t\t\t\t\t<\/div>\n\t\t\t\t<\/div>\n\t\t\t\t<div class=\"elementor-element elementor-element-29a35ab elementor-mobile-align-center elementor-align-right elementor-tablet-align-center elementor-widget elementor-widget-button\" data-id=\"29a35ab\" data-element_type=\"widget\" data-e-type=\"widget\" data-widget_type=\"button.default\">\n\t\t\t\t<div class=\"elementor-widget-container\">\n\t\t\t\t\t\t\t\t\t<div class=\"elementor-button-wrapper\">\n\t\t\t\t\t<a class=\"elementor-button elementor-button-link elementor-size-md elementor-animation-float\" href=\"\/en\/contact-us\/\">\n\t\t\t\t\t\t<span class=\"elementor-button-content-wrapper\">\n\t\t\t\t\t\t\t\t\t<span class=\"elementor-button-text\">Connect With Us<\/span>\n\t\t\t\t\t<\/span>\n\t\t\t\t\t<\/a>\n\t\t\t\t<\/div>\n\t\t\t\t\t\t\t\t<\/div>\n\t\t\t\t<\/div>\n\t\t\t\t<\/div>\n\t\t\t\t\t<\/div>\n\t\t\t\t<\/section>\n\t\t<div class=\"elementor-element elementor-element-21845cc e-flex e-con-boxed e-con e-parent\" data-id=\"21845cc\" data-element_type=\"container\" data-e-type=\"container\">\n\t\t\t\t\t<div class=\"e-con-inner\">\n\t\t\t\t<div class=\"elementor-element elementor-element-51b4145 elementor-widget__width-initial elementor-widget elementor-widget-image\" data-id=\"51b4145\" data-element_type=\"widget\" data-e-type=\"widget\" data-widget_type=\"image.default\">\n\t\t\t\t<div class=\"elementor-widget-container\">\n\t\t\t\t\t\t\t\t\t\t\t\t\t\t\t<img decoding=\"async\" width=\"782\" height=\"382\" src=\"https:\/\/linguaserve.com\/wp-content\/uploads\/punto3.webp\" class=\"attachment-full size-full wp-image-34038\" alt=\"\" srcset=\"https:\/\/linguaserve.com\/wp-content\/uploads\/punto3.webp 782w, https:\/\/linguaserve.com\/wp-content\/uploads\/punto3-300x147.webp 300w, https:\/\/linguaserve.com\/wp-content\/uploads\/punto3-768x375.webp 768w\" sizes=\"(max-width: 782px) 100vw, 782px\" title=\"\">\t\t\t\t\t\t\t\t\t\t\t\t\t\t\t<\/div>\n\t\t\t\t<\/div>\n\t\t\t\t<div class=\"elementor-element elementor-element-f6d2a8d elementor-widget__width-initial elementor-widget elementor-widget-heading\" data-id=\"f6d2a8d\" data-element_type=\"widget\" data-e-type=\"widget\" data-widget_type=\"heading.default\">\n\t\t\t\t<div class=\"elementor-widget-container\">\n\t\t\t\t\t<h2 class=\"elementor-heading-title elementor-size-default\">Why Partner with Linguaserve for Your Keyword Research Services?<\/h2>\t\t\t\t<\/div>\n\t\t\t\t<\/div>\n\t\t<div class=\"elementor-element elementor-element-c01b003 e-flex e-con-boxed e-con e-child\" data-id=\"c01b003\" data-element_type=\"container\" data-e-type=\"container\">\n\t\t\t\t\t<div class=\"e-con-inner\">\n\t\t<div class=\"elementor-element elementor-element-89ae46b e-con-full e-flex e-con e-child\" data-id=\"89ae46b\" data-element_type=\"container\" data-e-type=\"container\" data-settings=\"{&quot;background_background&quot;:&quot;classic&quot;,&quot;animation&quot;:&quot;none&quot;}\">\n\t\t\t\t<div class=\"elementor-element elementor-element-d195b53 elementor-widget elementor-widget-image\" data-id=\"d195b53\" data-element_type=\"widget\" data-e-type=\"widget\" data-widget_type=\"image.default\">\n\t\t\t\t<div class=\"elementor-widget-container\">\n\t\t\t\t\t\t\t\t\t\t\t\t\t\t\t<img decoding=\"async\" width=\"512\" height=\"512\" src=\"https:\/\/linguaserve.com\/wp-content\/uploads\/KR-Mejora-tus-resulados-de-BUsqueda.webp\" class=\"attachment-large size-large wp-image-35947\" alt=\"Icono de Keyword Research Mejora tus resultados de b\u00fasqueda de p\u00e1gina web con gr\u00e1fico de crecimiento\" title=\"\">\t\t\t\t\t\t\t\t\t\t\t\t\t\t\t<\/div>\n\t\t\t\t<\/div>\n\t\t\t\t<div class=\"elementor-element elementor-element-70c7885 elementor-widget elementor-widget-heading\" data-id=\"70c7885\" data-element_type=\"widget\" data-e-type=\"widget\" data-widget_type=\"heading.default\">\n\t\t\t\t<div class=\"elementor-widget-container\">\n\t\t\t\t\t<h3 class=\"elementor-heading-title elementor-size-default\">Maximized Visibility<\/h3>\t\t\t\t<\/div>\n\t\t\t\t<\/div>\n\t\t\t\t<div class=\"elementor-element elementor-element-05fd294 elementor-widget elementor-widget-text-editor\" data-id=\"05fd294\" data-element_type=\"widget\" data-e-type=\"widget\" data-widget_type=\"text-editor.default\">\n\t\t\t\t<div class=\"elementor-widget-container\">\n\t\t\t\t\t\t\t\t\tOur precise keyword strategies elevate your brand\u2019s online presence, ensuring you rank higher in search results and attract more organic traffic. With our expertise, your business doesn\u2019t just get noticed\u2014it gets chosen.\t\t\t\t\t\t\t\t<\/div>\n\t\t\t\t<\/div>\n\t\t\t\t<\/div>\n\t\t<div class=\"elementor-element elementor-element-02368ce e-con-full e-flex e-con e-child\" data-id=\"02368ce\" data-element_type=\"container\" data-e-type=\"container\" data-settings=\"{&quot;background_background&quot;:&quot;classic&quot;,&quot;animation&quot;:&quot;none&quot;}\">\n\t\t\t\t<div class=\"elementor-element elementor-element-5094b4a elementor-widget elementor-widget-image\" data-id=\"5094b4a\" data-element_type=\"widget\" data-e-type=\"widget\" data-widget_type=\"image.default\">\n\t\t\t\t<div class=\"elementor-widget-container\">\n\t\t\t\t\t\t\t\t\t\t\t\t\t\t\t<img loading=\"lazy\" decoding=\"async\" width=\"512\" height=\"512\" src=\"https:\/\/linguaserve.com\/wp-content\/uploads\/SEO-Analisis-profundo-de-keywords.webp\" class=\"attachment-large size-large wp-image-35175\" alt=\"Icono de SEO An\u00e1lisis profundo de keywords\" title=\"\">\t\t\t\t\t\t\t\t\t\t\t\t\t\t\t<\/div>\n\t\t\t\t<\/div>\n\t\t\t\t<div class=\"elementor-element elementor-element-e8edc37 elementor-widget elementor-widget-heading\" data-id=\"e8edc37\" data-element_type=\"widget\" data-e-type=\"widget\" data-widget_type=\"heading.default\">\n\t\t\t\t<div class=\"elementor-widget-container\">\n\t\t\t\t\t<h3 class=\"elementor-heading-title elementor-size-default\">Strategic Search Dominance<\/h3>\t\t\t\t<\/div>\n\t\t\t\t<\/div>\n\t\t\t\t<div class=\"elementor-element elementor-element-be4da40 elementor-widget elementor-widget-text-editor\" data-id=\"be4da40\" data-element_type=\"widget\" data-e-type=\"widget\" data-widget_type=\"text-editor.default\">\n\t\t\t\t<div class=\"elementor-widget-container\">\n\t\t\t\t\t\t\t\t\tWe place your brand in the spotlight, positioning you where your audience is actively searching. Your business becomes a trusted source that customers can\u2019t miss.\t\t\t\t\t\t\t\t<\/div>\n\t\t\t\t<\/div>\n\t\t\t\t<\/div>\n\t\t\t\t\t<\/div>\n\t\t\t\t<\/div>\n\t\t<div class=\"elementor-element elementor-element-6705bdd e-flex e-con-boxed e-con e-child\" data-id=\"6705bdd\" data-element_type=\"container\" data-e-type=\"container\">\n\t\t\t\t\t<div class=\"e-con-inner\">\n\t\t<div class=\"elementor-element elementor-element-43c8cd5 e-con-full e-flex e-con e-child\" data-id=\"43c8cd5\" data-element_type=\"container\" data-e-type=\"container\" data-settings=\"{&quot;background_background&quot;:&quot;classic&quot;,&quot;animation&quot;:&quot;none&quot;}\">\n\t\t\t\t<div class=\"elementor-element elementor-element-0e8cb85 elementor-widget elementor-widget-image\" data-id=\"0e8cb85\" data-element_type=\"widget\" data-e-type=\"widget\" data-widget_type=\"image.default\">\n\t\t\t\t<div class=\"elementor-widget-container\">\n\t\t\t\t\t\t\t\t\t\t\t\t\t\t\t<img loading=\"lazy\" decoding=\"async\" width=\"512\" height=\"512\" src=\"https:\/\/linguaserve.com\/wp-content\/uploads\/SEO-Investigacion-de-palabras-clave.webp\" class=\"attachment-large size-large wp-image-35177\" alt=\"Icono de Investigaci\u00f3n de palabras clave\" title=\"\">\t\t\t\t\t\t\t\t\t\t\t\t\t\t\t<\/div>\n\t\t\t\t<\/div>\n\t\t\t\t<div class=\"elementor-element elementor-element-ebfd854 elementor-widget elementor-widget-heading\" data-id=\"ebfd854\" data-element_type=\"widget\" data-e-type=\"widget\" data-widget_type=\"heading.default\">\n\t\t\t\t<div class=\"elementor-widget-container\">\n\t\t\t\t\t<h3 class=\"elementor-heading-title elementor-size-default\">Insight-Driven Approaches<\/h3>\t\t\t\t<\/div>\n\t\t\t\t<\/div>\n\t\t\t\t<div class=\"elementor-element elementor-element-6f1e24b elementor-widget elementor-widget-text-editor\" data-id=\"6f1e24b\" data-element_type=\"widget\" data-e-type=\"widget\" data-widget_type=\"text-editor.default\">\n\t\t\t\t<div class=\"elementor-widget-container\">\n\t\t\t\t\t\t\t\t\tOur strategies are fueled by in-depth data analysis, delivering content that speaks directly to your target market. Every decision is backed by insights that lead to measurable results.\t\t\t\t\t\t\t\t<\/div>\n\t\t\t\t<\/div>\n\t\t\t\t<\/div>\n\t\t<div class=\"elementor-element elementor-element-ac37c03 e-con-full e-flex e-con e-child\" data-id=\"ac37c03\" data-element_type=\"container\" data-e-type=\"container\" data-settings=\"{&quot;background_background&quot;:&quot;classic&quot;,&quot;animation&quot;:&quot;none&quot;}\">\n\t\t\t\t<div class=\"elementor-element elementor-element-f24df26 elementor-widget elementor-widget-image\" data-id=\"f24df26\" data-element_type=\"widget\" data-e-type=\"widget\" data-widget_type=\"image.default\">\n\t\t\t\t<div class=\"elementor-widget-container\">\n\t\t\t\t\t\t\t\t\t\t\t\t\t\t\t<img loading=\"lazy\" decoding=\"async\" width=\"512\" height=\"512\" src=\"https:\/\/linguaserve.com\/wp-content\/uploads\/SOLUCIONES-Ia-Materiales-de-referencia-personalizados.webp\" class=\"attachment-large size-large wp-image-35401\" alt=\"Icono de Materiales de referencia personalizados de portapapeles con un engranaje y flechas apuntando a la derecha\" title=\"\">\t\t\t\t\t\t\t\t\t\t\t\t\t\t\t<\/div>\n\t\t\t\t<\/div>\n\t\t\t\t<div class=\"elementor-element elementor-element-54cdd41 elementor-widget elementor-widget-heading\" data-id=\"54cdd41\" data-element_type=\"widget\" data-e-type=\"widget\" data-widget_type=\"heading.default\">\n\t\t\t\t<div class=\"elementor-widget-container\">\n\t\t\t\t\t<h3 class=\"elementor-heading-title elementor-size-default\">Custom Engagement<\/h3>\t\t\t\t<\/div>\n\t\t\t\t<\/div>\n\t\t\t\t<div class=\"elementor-element elementor-element-29f9f91 elementor-widget elementor-widget-text-editor\" data-id=\"29f9f91\" data-element_type=\"widget\" data-e-type=\"widget\" data-widget_type=\"text-editor.default\">\n\t\t\t\t<div class=\"elementor-widget-container\">\n\t\t\t\t\t\t\t\t\tYour audience is unique, and so is the content we create for them. We craft keyword-rich content that resonates, ensuring meaningful engagement that aligns perfectly with your customers\u2019 needs.\t\t\t\t\t\t\t\t<\/div>\n\t\t\t\t<\/div>\n\t\t\t\t<\/div>\n\t\t\t\t\t<\/div>\n\t\t\t\t<\/div>\n\t\t\t\t\t<\/div>\n\t\t\t\t<\/div>\n\t\t<section class=\"elementor-element elementor-element-dc0e137 e-flex e-con-boxed e-con e-parent\" data-id=\"dc0e137\" data-element_type=\"container\" data-e-type=\"container\" data-settings=\"{&quot;background_background&quot;:&quot;classic&quot;}\">\n\t\t\t\t\t<div class=\"e-con-inner\">\n\t\t\t\t<div class=\"elementor-element elementor-element-233a591 elementor-widget elementor-widget-heading\" data-id=\"233a591\" data-element_type=\"widget\" data-e-type=\"widget\" data-widget_type=\"heading.default\">\n\t\t\t\t<div class=\"elementor-widget-container\">\n\t\t\t\t\t<h3 class=\"elementor-heading-title elementor-size-default\">Get the Competitive Edge<\/h3>\t\t\t\t<\/div>\n\t\t\t\t<\/div>\n\t\t<div class=\"elementor-element elementor-element-eeed36f e-flex e-con-boxed e-con e-child\" data-id=\"eeed36f\" data-element_type=\"container\" data-e-type=\"container\">\n\t\t\t\t\t<div class=\"e-con-inner\">\n\t\t<div class=\"elementor-element elementor-element-58fc698 e-con-full e-flex e-con e-child\" data-id=\"58fc698\" data-element_type=\"container\" data-e-type=\"container\" data-settings=\"{&quot;background_background&quot;:&quot;classic&quot;,&quot;animation&quot;:&quot;none&quot;}\">\n\t\t\t\t<div class=\"elementor-element elementor-element-0458736 elementor-widget elementor-widget-image\" data-id=\"0458736\" data-element_type=\"widget\" data-e-type=\"widget\" data-widget_type=\"image.default\">\n\t\t\t\t<div class=\"elementor-widget-container\">\n\t\t\t\t\t\t\t\t\t\t\t\t\t\t\t<img loading=\"lazy\" decoding=\"async\" width=\"512\" height=\"512\" src=\"https:\/\/linguaserve.com\/wp-content\/uploads\/Localizacion-efectiva.webp\" class=\"attachment-large size-large wp-image-35785\" alt=\"Icono de Localizaci\u00f3n efectiva de un gr\u00e1fico y una diana con una flecha clavada en el centro\" title=\"\">\t\t\t\t\t\t\t\t\t\t\t\t\t\t\t<\/div>\n\t\t\t\t<\/div>\n\t\t\t\t<div class=\"elementor-element elementor-element-6099527 elementor-widget elementor-widget-heading\" data-id=\"6099527\" data-element_type=\"widget\" data-e-type=\"widget\" data-widget_type=\"heading.default\">\n\t\t\t\t<div class=\"elementor-widget-container\">\n\t\t\t\t\t<h3 class=\"elementor-heading-title elementor-size-default\">Unlock Market Intelligence<\/h3>\t\t\t\t<\/div>\n\t\t\t\t<\/div>\n\t\t\t\t<div class=\"elementor-element elementor-element-99e0f1f elementor-widget elementor-widget-text-editor\" data-id=\"99e0f1f\" data-element_type=\"widget\" data-e-type=\"widget\" data-widget_type=\"text-editor.default\">\n\t\t\t\t<div class=\"elementor-widget-container\">\n\t\t\t\t\t\t\t\t\tStaying ahead in a competitive landscape requires more than just knowing your competitors\u2014it demands the ability to outpace them. Our in-depth market analysis empowers you with a clear view of the keyword strategies that are shaping your industry, so you can make informed decisions that keep you ahead of the curve.\t\t\t\t\t\t\t\t<\/div>\n\t\t\t\t<\/div>\n\t\t\t\t<\/div>\n\t\t<div class=\"elementor-element elementor-element-579f835 e-con-full e-flex e-con e-child\" data-id=\"579f835\" data-element_type=\"container\" data-e-type=\"container\" data-settings=\"{&quot;background_background&quot;:&quot;classic&quot;,&quot;animation&quot;:&quot;none&quot;}\">\n\t\t\t\t<div class=\"elementor-element elementor-element-ecaab84 elementor-widget elementor-widget-image\" data-id=\"ecaab84\" data-element_type=\"widget\" data-e-type=\"widget\" data-widget_type=\"image.default\">\n\t\t\t\t<div class=\"elementor-widget-container\">\n\t\t\t\t\t\t\t\t\t\t\t\t\t\t\t<img loading=\"lazy\" decoding=\"async\" width=\"512\" height=\"512\" src=\"https:\/\/linguaserve.com\/wp-content\/uploads\/Localizacion-y-Optimizacion-Motores-de-busqueda.webp\" class=\"attachment-large size-large wp-image-35945\" alt=\"Icono de localizaci\u00f3n y optimizaci\u00f3n de motores de busqueda de una pantalla de ordenador con un mapa y una localizaci\u00f3n marcada\" title=\"\">\t\t\t\t\t\t\t\t\t\t\t\t\t\t\t<\/div>\n\t\t\t\t<\/div>\n\t\t\t\t<div class=\"elementor-element elementor-element-9ac76e4 elementor-widget elementor-widget-heading\" data-id=\"9ac76e4\" data-element_type=\"widget\" data-e-type=\"widget\" data-widget_type=\"heading.default\">\n\t\t\t\t<div class=\"elementor-widget-container\">\n\t\t\t\t\t<h3 class=\"elementor-heading-title elementor-size-default\">Unmatched Market Positioning<\/h3>\t\t\t\t<\/div>\n\t\t\t\t<\/div>\n\t\t\t\t<div class=\"elementor-element elementor-element-417d606 elementor-widget elementor-widget-text-editor\" data-id=\"417d606\" data-element_type=\"widget\" data-e-type=\"widget\" data-widget_type=\"text-editor.default\">\n\t\t\t\t<div class=\"elementor-widget-container\">\n\t\t\t\t\t\t\t\t\tPosition yourself as a leader in your field by capitalizing on our expertise in strategic keyword planning. Our insights are designed to not only enhance your visibility but to strengthen your brand&#8217;s position, enabling long-term success and growth.\t\t\t\t\t\t\t\t<\/div>\n\t\t\t\t<\/div>\n\t\t\t\t<\/div>\n\t\t<div class=\"elementor-element elementor-element-f960724 e-con-full e-flex e-con e-child\" data-id=\"f960724\" data-element_type=\"container\" data-e-type=\"container\" data-settings=\"{&quot;background_background&quot;:&quot;classic&quot;,&quot;animation&quot;:&quot;none&quot;}\">\n\t\t\t\t<div class=\"elementor-element elementor-element-922d5a5 elementor-widget elementor-widget-image\" data-id=\"922d5a5\" data-element_type=\"widget\" data-e-type=\"widget\" data-widget_type=\"image.default\">\n\t\t\t\t<div class=\"elementor-widget-container\">\n\t\t\t\t\t\t\t\t\t\t\t\t\t\t\t<img loading=\"lazy\" decoding=\"async\" width=\"512\" height=\"512\" src=\"https:\/\/linguaserve.com\/wp-content\/uploads\/TRABAJA-Desarrollo-profesional.webp\" class=\"attachment-large size-large wp-image-35614\" alt=\"growth\" title=\"\">\t\t\t\t\t\t\t\t\t\t\t\t\t\t\t<\/div>\n\t\t\t\t<\/div>\n\t\t\t\t<div class=\"elementor-element elementor-element-88db97c elementor-widget elementor-widget-heading\" data-id=\"88db97c\" data-element_type=\"widget\" data-e-type=\"widget\" data-widget_type=\"heading.default\">\n\t\t\t\t<div class=\"elementor-widget-container\">\n\t\t\t\t\t<h3 class=\"elementor-heading-title elementor-size-default\">Your Roadmap to Digital Mastery<\/h3>\t\t\t\t<\/div>\n\t\t\t\t<\/div>\n\t\t\t\t<div class=\"elementor-element elementor-element-4d051ea elementor-widget elementor-widget-text-editor\" data-id=\"4d051ea\" data-element_type=\"widget\" data-e-type=\"widget\" data-widget_type=\"text-editor.default\">\n\t\t\t\t<div class=\"elementor-widget-container\">\n\t\t\t\t\t\t\t\t\tAt Linguaserve, we go beyond delivering services. We are committed partners in your digital transformation, helping you achieve sustainable online success. Our comprehensive approach to keyword research is the foundation for achieving higher rankings, driving qualified organic traffic, and building a strong, authoritative online presence.\t\t\t\t\t\t\t\t<\/div>\n\t\t\t\t<\/div>\n\t\t\t\t<\/div>\n\t\t\t\t\t<\/div>\n\t\t\t\t<\/div>\n\t\t\t\t\t<\/div>\n\t\t\t\t<\/section>\n\t\t<div class=\"elementor-element elementor-element-cd18c4f e-flex e-con-boxed e-con e-parent\" data-id=\"cd18c4f\" data-element_type=\"container\" data-e-type=\"container\" data-settings=\"{&quot;background_background&quot;:&quot;classic&quot;}\">\n\t\t\t\t\t<div class=\"e-con-inner\">\n\t\t<div class=\"elementor-element elementor-element-06fe1ca e-con-full e-flex e-con e-child\" data-id=\"06fe1ca\" data-element_type=\"container\" data-e-type=\"container\">\n\t\t\t\t<div class=\"elementor-element elementor-element-75dd617 elementor-widget elementor-widget-heading\" data-id=\"75dd617\" data-element_type=\"widget\" data-e-type=\"widget\" data-widget_type=\"heading.default\">\n\t\t\t\t<div class=\"elementor-widget-container\">\n\t\t\t\t\t<h5 class=\"elementor-heading-title elementor-size-default\">Elevate Your Digital Strategy Today<\/h5>\t\t\t\t<\/div>\n\t\t\t\t<\/div>\n\t\t\t\t<div class=\"elementor-element elementor-element-b0da618 elementor-widget elementor-widget-text-editor\" data-id=\"b0da618\" data-element_type=\"widget\" data-e-type=\"widget\" data-widget_type=\"text-editor.default\">\n\t\t\t\t<div class=\"elementor-widget-container\">\n\t\t\t\t\t\t\t\t\tUnlock the potential of your brand&apos;s online presence with tailored, data-driven SEO keyword research from Linguaserve. Our expertise will sharpen your competitive edge and drive meaningful growth in search engine visibility. Take the step that leads to lasting impact\u2014connect with us today and start your path toward exceptional digital success.\t\t\t\t\t\t\t\t<\/div>\n\t\t\t\t<\/div>\n\t\t\t\t<div class=\"elementor-element elementor-element-18f484b elementor-align-left elementor-widget elementor-widget-button\" data-id=\"18f484b\" data-element_type=\"widget\" data-e-type=\"widget\" data-widget_type=\"button.default\">\n\t\t\t\t<div class=\"elementor-widget-container\">\n\t\t\t\t\t\t\t\t\t<div class=\"elementor-button-wrapper\">\n\t\t\t\t\t<a class=\"elementor-button elementor-button-link elementor-size-md elementor-animation-float\" href=\"\/en\/contact-us\/\">\n\t\t\t\t\t\t<span class=\"elementor-button-content-wrapper\">\n\t\t\t\t\t\t\t\t\t<span class=\"elementor-button-text\">Learn more<\/span>\n\t\t\t\t\t<\/span>\n\t\t\t\t\t<\/a>\n\t\t\t\t<\/div>\n\t\t\t\t\t\t\t\t<\/div>\n\t\t\t\t<\/div>\n\t\t\t\t<\/div>\n\t\t<div class=\"elementor-element elementor-element-6b50410 e-con-full e-flex e-con e-child\" data-id=\"6b50410\" data-element_type=\"container\" data-e-type=\"container\">\n\t\t<div class=\"elementor-element elementor-element-fc549f1 e-con-full e-flex e-con e-child\" data-id=\"fc549f1\" data-element_type=\"container\" data-e-type=\"container\">\n\t\t\t\t<div class=\"elementor-element elementor-element-6a4b3ff elementor-widget elementor-widget-image\" data-id=\"6a4b3ff\" data-element_type=\"widget\" data-e-type=\"widget\" data-widget_type=\"image.default\">\n\t\t\t\t<div class=\"elementor-widget-container\">\n\t\t\t\t\t\t\t\t\t\t\t\t\t\t\t<img loading=\"lazy\" decoding=\"async\" width=\"800\" height=\"558\" src=\"https:\/\/linguaserve.com\/wp-content\/uploads\/marketing-dgt-cuerpo.webp\" class=\"attachment-large size-large wp-image-39287\" alt=\"Marketing-body\" srcset=\"https:\/\/linguaserve.com\/wp-content\/uploads\/marketing-dgt-cuerpo.webp 1000w, https:\/\/linguaserve.com\/wp-content\/uploads\/marketing-dgt-cuerpo-300x209.webp 300w, https:\/\/linguaserve.com\/wp-content\/uploads\/marketing-dgt-cuerpo-768x536.webp 768w\" sizes=\"(max-width: 800px) 100vw, 800px\" title=\"\">\t\t\t\t\t\t\t\t\t\t\t\t\t\t\t<\/div>\n\t\t\t\t<\/div>\n\t\t\t\t<\/div>\n\t\t\t\t<\/div>\n\t\t\t\t\t<\/div>\n\t\t\t\t<\/div>\n\t\t\t\t<\/div>\n\t\t","protected":false},"excerpt":{"rendered":"<p>Keyword Research Master Keyword Research for Digital Success Elevate Your Digital Presence with Strategic Keyword Optimization At Linguaserve, we specialize in driving your brand forward through advanced SEO keyword research, international keyword research, and optimization. Our blend of cutting-edge strategies and profound expertise ensures your business stands out in the competitive digital world. We don\u2019t [&hellip;]<\/p>\n","protected":false},"author":5,"featured_media":0,"parent":6705,"menu_order":0,"comment_status":"closed","ping_status":"closed","template":"elementor_header_footer","meta":{"_acf_changed":false,"content-type":"","footnotes":""},"class_list":["post-6723","page","type-page","status-publish","hentry"],"acf":[],"_links":{"self":[{"href":"https:\/\/linguaserve.com\/en\/wp-json\/wp\/v2\/pages\/6723","targetHints":{"allow":["GET"]}}],"collection":[{"href":"https:\/\/linguaserve.com\/en\/wp-json\/wp\/v2\/pages"}],"about":[{"href":"https:\/\/linguaserve.com\/en\/wp-json\/wp\/v2\/types\/page"}],"author":[{"embeddable":true,"href":"https:\/\/linguaserve.com\/en\/wp-json\/wp\/v2\/users\/5"}],"replies":[{"embeddable":true,"href":"https:\/\/linguaserve.com\/en\/wp-json\/wp\/v2\/comments?post=6723"}],"version-history":[{"count":0,"href":"https:\/\/linguaserve.com\/en\/wp-json\/wp\/v2\/pages\/6723\/revisions"}],"up":[{"embeddable":true,"href":"https:\/\/linguaserve.com\/en\/wp-json\/wp\/v2\/pages\/6705"}],"wp:attachment":[{"href":"https:\/\/linguaserve.com\/en\/wp-json\/wp\/v2\/media?parent=6723"}],"curies":[{"name":"wp","href":"https:\/\/api.w.org\/{rel}","templated":true}]}}